{"id":8557,"date":"2024-03-29T09:07:08","date_gmt":"2024-03-29T09:07:08","guid":{"rendered":"https:\/\/www.dhenne-avocat.sea-dev-and-sun.fr\/?page_id=8557"},"modified":"2025-03-26T09:15:38","modified_gmt":"2025-03-26T09:15:38","slug":"contracts","status":"publish","type":"page","link":"https:\/\/www.dhenne-avocats.fr\/en\/fields-of-expertise\/contracts\/","title":{"rendered":"Contracts"},"content":{"rendered":"","protected":false},"excerpt":{"rendered":"","protected":false},"author":5,"featured_media":0,"parent":8115,"menu_order":0,"comment_status":"closed","ping_status":"closed","template":"","meta":{"_acf_changed":false,"footnotes":""},"class_list":["post-8557","page","type-page","status-publish","hentry"],"acf":[],"yoast_head":"<!-- This site is optimized with the Yoast SEO plugin v25.6 - https:\/\/yoast.com\/wordpress\/plugins\/seo\/ -->\n<title>R\u00e9daction et n\u00e9gociation de contrats li\u00e9s \u00e0 vos brevets - Dhenne Avocats<\/title>\n<meta name=\"description\" content=\"Le cabinet Dhenne Avocats vous accompagne dans la n\u00e9gociation et la r\u00e9daction de tous vos contrats li\u00e9s \u00e0 vos brevets\" \/>\n<meta name=\"robots\" content=\"index, follow, max-snippet:-1, max-image-preview:large, max-video-preview:-1\" \/>\n<link rel=\"canonical\" href=\"https:\/\/www.dhenne-avocats.fr\/en\/fields-of-expertise\/contracts\/\" \/>\n<meta property=\"og:locale\" content=\"en_GB\" \/>\n<meta property=\"og:type\" content=\"article\" \/>\n<meta property=\"og:title\" content=\"R\u00e9daction et n\u00e9gociation de contrats li\u00e9s \u00e0 vos brevets - Dhenne Avocats\" \/>\n<meta property=\"og:description\" content=\"Le cabinet Dhenne Avocats vous accompagne dans la n\u00e9gociation et la r\u00e9daction de tous vos contrats li\u00e9s \u00e0 vos brevets\" \/>\n<meta property=\"og:url\" content=\"https:\/\/www.dhenne-avocats.fr\/en\/fields-of-expertise\/contracts\/\" \/>\n<meta property=\"og:site_name\" content=\"Dhenne Avocats\" \/>\n<meta property=\"article:modified_time\" content=\"2025-03-26T09:15:38+00:00\" \/>\n<meta name=\"twitter:card\" content=\"summary_large_image\" \/>\n<meta name=\"twitter:label1\" content=\"Estimated reading time\" \/>\n\t<meta name=\"twitter:data1\" content=\"1 minute\" \/>\n<script type=\"application\/ld+json\" class=\"yoast-schema-graph\">{\"@context\":\"https:\/\/schema.org\",\"@graph\":[{\"@type\":\"WebPage\",\"@id\":\"https:\/\/www.dhenne-avocats.fr\/domaines-d-expertise\/contrats\/\",\"url\":\"https:\/\/www.dhenne-avocats.fr\/domaines-d-expertise\/contrats\/\",\"name\":\"R\u00e9daction et n\u00e9gociation de contrats li\u00e9s \u00e0 vos brevets - Dhenne Avocats\",\"isPartOf\":{\"@id\":\"https:\/\/www.dhenne-avocats.fr\/#website\"},\"datePublished\":\"2024-03-29T09:07:08+00:00\",\"dateModified\":\"2025-03-26T09:15:38+00:00\",\"description\":\"Le cabinet Dhenne Avocats vous accompagne dans la n\u00e9gociation et la r\u00e9daction de tous vos contrats li\u00e9s \u00e0 vos brevets\",\"breadcrumb\":{\"@id\":\"https:\/\/www.dhenne-avocats.fr\/domaines-d-expertise\/contrats\/#breadcrumb\"},\"inLanguage\":\"en-GB\",\"potentialAction\":[{\"@type\":\"ReadAction\",\"target\":[\"https:\/\/www.dhenne-avocats.fr\/domaines-d-expertise\/contrats\/\"]}]},{\"@type\":\"BreadcrumbList\",\"@id\":\"https:\/\/www.dhenne-avocats.fr\/domaines-d-expertise\/contrats\/#breadcrumb\",\"itemListElement\":[{\"@type\":\"ListItem\",\"position\":1,\"name\":\"Accueil\",\"item\":\"https:\/\/www.dhenne-avocats.fr\/\"},{\"@type\":\"ListItem\",\"position\":2,\"name\":\"Domaines d\u2019expertise\",\"item\":\"https:\/\/www.dhenne-avocats.fr\/domaines-d-expertise\/\"},{\"@type\":\"ListItem\",\"position\":3,\"name\":\"Contrats\"}]},{\"@type\":\"WebSite\",\"@id\":\"https:\/\/www.dhenne-avocats.fr\/#website\",\"url\":\"https:\/\/www.dhenne-avocats.fr\/\",\"name\":\"Dhenne Avocats\",\"description\":\"Cabinet d&#039;avocats en droit des brevets\",\"publisher\":{\"@id\":\"https:\/\/www.dhenne-avocats.fr\/#organization\"},\"potentialAction\":[{\"@type\":\"SearchAction\",\"target\":{\"@type\":\"EntryPoint\",\"urlTemplate\":\"https:\/\/www.dhenne-avocats.fr\/?s={search_term_string}\"},\"query-input\":{\"@type\":\"PropertyValueSpecification\",\"valueRequired\":true,\"valueName\":\"search_term_string\"}}],\"inLanguage\":\"en-GB\"},{\"@type\":\"Organization\",\"@id\":\"https:\/\/www.dhenne-avocats.fr\/#organization\",\"name\":\"Dhenne Avocats\",\"alternateName\":\"dhenne avocats\",\"url\":\"https:\/\/www.dhenne-avocats.fr\/\",\"logo\":{\"@type\":\"ImageObject\",\"inLanguage\":\"en-GB\",\"@id\":\"https:\/\/www.dhenne-avocats.fr\/#\/schema\/logo\/image\/\",\"url\":\"https:\/\/www.dhenne-avocats.fr\/wp-content\/uploads\/2024\/03\/cropped-DhenneAvocats_Favicon_RVB_FullColor-1.png\",\"contentUrl\":\"https:\/\/www.dhenne-avocats.fr\/wp-content\/uploads\/2024\/03\/cropped-DhenneAvocats_Favicon_RVB_FullColor-1.png\",\"width\":512,\"height\":512,\"caption\":\"Dhenne Avocats\"},\"image\":{\"@id\":\"https:\/\/www.dhenne-avocats.fr\/#\/schema\/logo\/image\/\"}}]}<\/script>\n<!-- \/ Yoast SEO plugin. -->","yoast_head_json":{"title":"R\u00e9daction et n\u00e9gociation de contrats li\u00e9s \u00e0 vos brevets - Dhenne Avocats","description":"Le cabinet Dhenne Avocats vous accompagne dans la n\u00e9gociation et la r\u00e9daction de tous vos contrats li\u00e9s \u00e0 vos brevets","robots":{"index":"index","follow":"follow","max-snippet":"max-snippet:-1","max-image-preview":"max-image-preview:large","max-video-preview":"max-video-preview:-1"},"canonical":"https:\/\/www.dhenne-avocats.fr\/en\/fields-of-expertise\/contracts\/","og_locale":"en_GB","og_type":"article","og_title":"R\u00e9daction et n\u00e9gociation de contrats li\u00e9s \u00e0 vos brevets - Dhenne Avocats","og_description":"Le cabinet Dhenne Avocats vous accompagne dans la n\u00e9gociation et la r\u00e9daction de tous vos contrats li\u00e9s \u00e0 vos brevets","og_url":"https:\/\/www.dhenne-avocats.fr\/en\/fields-of-expertise\/contracts\/","og_site_name":"Dhenne Avocats","article_modified_time":"2025-03-26T09:15:38+00:00","twitter_card":"summary_large_image","twitter_misc":{"Estimated reading time":"1 minute"},"schema":{"@context":"https:\/\/schema.org","@graph":[{"@type":"WebPage","@id":"https:\/\/www.dhenne-avocats.fr\/domaines-d-expertise\/contrats\/","url":"https:\/\/www.dhenne-avocats.fr\/domaines-d-expertise\/contrats\/","name":"R\u00e9daction et n\u00e9gociation de contrats li\u00e9s \u00e0 vos brevets - Dhenne Avocats","isPartOf":{"@id":"https:\/\/www.dhenne-avocats.fr\/#website"},"datePublished":"2024-03-29T09:07:08+00:00","dateModified":"2025-03-26T09:15:38+00:00","description":"Le cabinet Dhenne Avocats vous accompagne dans la n\u00e9gociation et la r\u00e9daction de tous vos contrats li\u00e9s \u00e0 vos brevets","breadcrumb":{"@id":"https:\/\/www.dhenne-avocats.fr\/domaines-d-expertise\/contrats\/#breadcrumb"},"inLanguage":"en-GB","potentialAction":[{"@type":"ReadAction","target":["https:\/\/www.dhenne-avocats.fr\/domaines-d-expertise\/contrats\/"]}]},{"@type":"BreadcrumbList","@id":"https:\/\/www.dhenne-avocats.fr\/domaines-d-expertise\/contrats\/#breadcrumb","itemListElement":[{"@type":"ListItem","position":1,"name":"Accueil","item":"https:\/\/www.dhenne-avocats.fr\/"},{"@type":"ListItem","position":2,"name":"Domaines d\u2019expertise","item":"https:\/\/www.dhenne-avocats.fr\/domaines-d-expertise\/"},{"@type":"ListItem","position":3,"name":"Contrats"}]},{"@type":"WebSite","@id":"https:\/\/www.dhenne-avocats.fr\/#website","url":"https:\/\/www.dhenne-avocats.fr\/","name":"Dhenne Avocats","description":"Cabinet d&#039;avocats en droit des brevets","publisher":{"@id":"https:\/\/www.dhenne-avocats.fr\/#organization"},"potentialAction":[{"@type":"SearchAction","target":{"@type":"EntryPoint","urlTemplate":"https:\/\/www.dhenne-avocats.fr\/?s={search_term_string}"},"query-input":{"@type":"PropertyValueSpecification","valueRequired":true,"valueName":"search_term_string"}}],"inLanguage":"en-GB"},{"@type":"Organization","@id":"https:\/\/www.dhenne-avocats.fr\/#organization","name":"Dhenne Avocats","alternateName":"dhenne avocats","url":"https:\/\/www.dhenne-avocats.fr\/","logo":{"@type":"ImageObject","inLanguage":"en-GB","@id":"https:\/\/www.dhenne-avocats.fr\/#\/schema\/logo\/image\/","url":"https:\/\/www.dhenne-avocats.fr\/wp-content\/uploads\/2024\/03\/cropped-DhenneAvocats_Favicon_RVB_FullColor-1.png","contentUrl":"https:\/\/www.dhenne-avocats.fr\/wp-content\/uploads\/2024\/03\/cropped-DhenneAvocats_Favicon_RVB_FullColor-1.png","width":512,"height":512,"caption":"Dhenne Avocats"},"image":{"@id":"https:\/\/www.dhenne-avocats.fr\/#\/schema\/logo\/image\/"}}]}},"_links":{"self":[{"href":"https:\/\/www.dhenne-avocats.fr\/en\/wp-json\/wp\/v2\/pages\/8557","targetHints":{"allow":["GET"]}}],"collection":[{"href":"https:\/\/www.dhenne-avocats.fr\/en\/wp-json\/wp\/v2\/pages"}],"about":[{"href":"https:\/\/www.dhenne-avocats.fr\/en\/wp-json\/wp\/v2\/types\/page"}],"author":[{"embeddable":true,"href":"https:\/\/www.dhenne-avocats.fr\/en\/wp-json\/wp\/v2\/users\/5"}],"replies":[{"embeddable":true,"href":"https:\/\/www.dhenne-avocats.fr\/en\/wp-json\/wp\/v2\/comments?post=8557"}],"version-history":[{"count":0,"href":"https:\/\/www.dhenne-avocats.fr\/en\/wp-json\/wp\/v2\/pages\/8557\/revisions"}],"up":[{"embeddable":true,"href":"https:\/\/www.dhenne-avocats.fr\/en\/wp-json\/wp\/v2\/pages\/8115"}],"wp:attachment":[{"href":"https:\/\/www.dhenne-avocats.fr\/en\/wp-json\/wp\/v2\/media?parent=8557"}],"curies":[{"name":"wp","href":"https:\/\/api.w.org\/{rel}","templated":true}]}}